{"id":12,"date":"2023-10-25T10:09:01","date_gmt":"2023-10-25T10:09:01","guid":{"rendered":"http:\/\/die-nordleuchten.de\/?page_id=12"},"modified":"2023-10-25T23:12:16","modified_gmt":"2023-10-25T23:12:16","slug":"moin","status":"publish","type":"page","link":"https:\/\/die-nordleuchten.de\/de_pd\/","title":{"rendered":"Moin"},"content":{"rendered":"<div data-elementor-type=\"wp-page\" data-elementor-id=\"12\" class=\"elementor elementor-12\">\n\t\t\t\t<div class=\"elementor-element elementor-element-ac584c5 e-flex e-con-boxed e-con e-parent\" data-id=\"ac584c5\" data-element_type=\"container\" data-settings=\"{&quot;background_background&quot;:&quot;gradient&quot;}\">\n\t\t\t\t\t<div class=\"e-con-inner\">\n\t\t\t\t<div class=\"elementor-element elementor-element-3bb0cf0 elementor-widget elementor-widget-heading\" data-id=\"3bb0cf0\" data-element_type=\"widget\" data-widget_type=\"heading.default\">\n\t\t\t\t<div class=\"elementor-widget-container\">\n\t\t\t\t\t<h2 class=\"elementor-heading-title elementor-size-large\">Moin!<\/h2>\t\t\t\t<\/div>\n\t\t\t\t<\/div>\n\t\t\t\t<div class=\"elementor-element elementor-element-bab3591 elementor-widget elementor-widget-image\" data-id=\"bab3591\" data-element_type=\"widget\" data-widget_type=\"image.default\">\n\t\t\t\t<div class=\"elementor-widget-container\">\n\t\t\t\t\t\t\t\t\t\t\t\t<figure class=\"wp-caption\">\n\t\t\t\t\t\t\t\t\t\t<img fetchpriority=\"high\" decoding=\"async\" width=\"1200\" height=\"700\" src=\"https:\/\/die-nordleuchten.de\/wp-content\/uploads\/2023\/10\/DSC_2291-1200x700.jpg\" class=\"attachment-ocean-thumb-l size-ocean-thumb-l wp-image-31\" alt=\"\" srcset=\"https:\/\/die-nordleuchten.de\/wp-content\/uploads\/2023\/10\/DSC_2291-1200x700.jpg 1200w, https:\/\/die-nordleuchten.de\/wp-content\/uploads\/2023\/10\/DSC_2291-18x12.jpg 18w\" sizes=\"(max-width: 1200px) 100vw, 1200px\" \/>\t\t\t\t\t\t\t\t\t\t\t<figcaption class=\"widget-image-caption wp-caption-text\"><\/figcaption>\n\t\t\t\t\t\t\t\t\t\t<\/figure>\n\t\t\t\t\t\t\t\t\t<\/div>\n\t\t\t\t<\/div>\n\t\t\t\t<div class=\"elementor-element elementor-element-80ac053 elementor-widget elementor-widget-text-editor\" data-id=\"80ac053\" data-element_type=\"widget\" data-widget_type=\"text-editor.default\">\n\t\t\t\t<div class=\"elementor-widget-container\">\n\t\t\t\t\t\t\t\t\t<h3>Wi s\u00fcnd de Nordlechten un wi stellt uns v\u00f6r! Ji op de B\u00fchn! Tw\u00fcschen Greifswold un Leer kemen wi her.<\/h3><h3>Up de linke Siet is Fredanko \u00bbThe Wild\u00ab, up de rechte J\u00fcrgen \u00bbThe even Wilder\u00ab. Wi maakt siet Johren Moderation &amp; Infotainment, ober ok goot denklich Improvisationstheater mit de Tieftiefe von een Scholl. Een Jolle. (De f\u00fcll uns in, as wi dat schreven, so god k\u00f6nt wi improviseren un S\u00e4tz v\u00f6rleggen! Wi s\u00fcnd fast schon Germanisten, wat ja nich immer wat Slechts is.)<\/h3><h3>Book uns eenfach per E-Mail an: gleichbuchen (at) die-nordleuchten.de, un wi warden di vun uns anner F\u00e4higkeiten \u00f6verzeugen, so as L\u00fc\u00fc, de bi eenen good beobachteten Autounfall in'n Fl\u00fcggmaschien sitten.<\/h3><h3>Briesige Gr\u00fc\u00dfe,<\/h3>\t\t\t\t\t\t\t\t<\/div>\n\t\t\t\t<\/div>\n\t\t\t\t<div class=\"elementor-element elementor-element-f99ff2f elementor-widget elementor-widget-heading\" data-id=\"f99ff2f\" data-element_type=\"widget\" data-widget_type=\"heading.default\">\n\t\t\t\t<div class=\"elementor-widget-container\">\n\t\t\t\t\t<h2 class=\"elementor-heading-title elementor-size-large\">Fredanko &amp; J\u00fcrgen<br><br>Die Nordleuchten<\/h2>\t\t\t\t<\/div>\n\t\t\t\t<\/div>\n\t\t\t\t\t<\/div>\n\t\t\t\t<\/div>\n\t\t\t\t<\/div>","protected":false},"excerpt":{"rendered":"<p>Moin! Wir sind die Nordleuchten und wir stellen uns vor! Euch auf die B\u00fchne! Zwischen Greifswald und Leer kommen wir her. Auf der linken Seite ist Fredanko \u00bbThe Wild\u00ab, auf der rechten J\u00fcrgen \u00bbThe even Wilder\u00ab. Wir machen seit Jahren Moderation &amp; Infotainment, aber auch ernsthaftes Improvisationstheater mit dem Tiefgang einer Scholle. Einer Jolle. (Der [&hellip;]<\/p>\n","protected":false},"author":1,"featured_media":0,"parent":0,"menu_order":0,"comment_status":"closed","ping_status":"closed","template":"","meta":{"om_disable_all_campaigns":false,"_monsterinsights_skip_tracking":false,"_monsterinsights_sitenote_active":false,"_monsterinsights_sitenote_note":"","_monsterinsights_sitenote_category":0,"ocean_post_layout":"full-screen","ocean_both_sidebars_style":"","ocean_both_sidebars_content_width":0,"ocean_both_sidebars_sidebars_width":0,"ocean_sidebar":"","ocean_second_sidebar":"","ocean_disable_margins":"enable","ocean_add_body_class":"","ocean_shortcode_before_top_bar":"","ocean_shortcode_after_top_bar":"","ocean_shortcode_before_header":"","ocean_shortcode_after_header":"","ocean_has_shortcode":"","ocean_shortcode_after_title":"","ocean_shortcode_before_footer_widgets":"","ocean_shortcode_after_footer_widgets":"","ocean_shortcode_before_footer_bottom":"","ocean_shortcode_after_footer_bottom":"","ocean_display_top_bar":"off","ocean_display_header":"default","ocean_header_style":"","ocean_center_header_left_menu":"","ocean_custom_header_template":"","ocean_custom_logo":0,"ocean_custom_retina_logo":0,"ocean_custom_logo_max_width":0,"ocean_custom_logo_tablet_max_width":0,"ocean_custom_logo_mobile_max_width":0,"ocean_custom_logo_max_height":0,"ocean_custom_logo_tablet_max_height":0,"ocean_custom_logo_mobile_max_height":0,"ocean_header_custom_menu":"","ocean_menu_typo_font_family":"","ocean_menu_typo_font_subset":"","ocean_menu_typo_font_size":0,"ocean_menu_typo_font_size_tablet":0,"ocean_menu_typo_font_size_mobile":0,"ocean_menu_typo_font_size_unit":"px","ocean_menu_typo_font_weight":"","ocean_menu_typo_font_weight_tablet":"","ocean_menu_typo_font_weight_mobile":"","ocean_menu_typo_transform":"","ocean_menu_typo_transform_tablet":"","ocean_menu_typo_transform_mobile":"","ocean_menu_typo_line_height":0,"ocean_menu_typo_line_height_tablet":0,"ocean_menu_typo_line_height_mobile":0,"ocean_menu_typo_line_height_unit":"","ocean_menu_typo_spacing":0,"ocean_menu_typo_spacing_tablet":0,"ocean_menu_typo_spacing_mobile":0,"ocean_menu_typo_spacing_unit":"","ocean_menu_link_color":"","ocean_menu_link_color_hover":"","ocean_menu_link_color_active":"","ocean_menu_link_background":"","ocean_menu_link_hover_background":"","ocean_menu_link_active_background":"","ocean_menu_social_links_bg":"","ocean_menu_social_hover_links_bg":"","ocean_menu_social_links_color":"","ocean_menu_social_hover_links_color":"","ocean_disable_title":"on","ocean_disable_heading":"default","ocean_post_title":"","ocean_post_subheading":"","ocean_post_title_style":"","ocean_post_title_background_color":"","ocean_post_title_background":0,"ocean_post_title_bg_image_position":"","ocean_post_title_bg_image_attachment":"","ocean_post_title_bg_image_repeat":"","ocean_post_title_bg_image_size":"","ocean_post_title_height":0,"ocean_post_title_bg_overlay":0.5,"ocean_post_title_bg_overlay_color":"","ocean_disable_breadcrumbs":"default","ocean_breadcrumbs_color":"","ocean_breadcrumbs_separator_color":"","ocean_breadcrumbs_links_color":"","ocean_breadcrumbs_links_hover_color":"","ocean_display_footer_widgets":"off","ocean_display_footer_bottom":"on","ocean_custom_footer_template":"","footnotes":""},"aioseo_notices":[],"_links":{"self":[{"href":"https:\/\/die-nordleuchten.de\/de_pd\/wp-json\/wp\/v2\/pages\/12"}],"collection":[{"href":"https:\/\/die-nordleuchten.de\/de_pd\/wp-json\/wp\/v2\/pages"}],"about":[{"href":"https:\/\/die-nordleuchten.de\/de_pd\/wp-json\/wp\/v2\/types\/page"}],"author":[{"embeddable":true,"href":"https:\/\/die-nordleuchten.de\/de_pd\/wp-json\/wp\/v2\/users\/1"}],"replies":[{"embeddable":true,"href":"https:\/\/die-nordleuchten.de\/de_pd\/wp-json\/wp\/v2\/comments?post=12"}],"version-history":[{"count":35,"href":"https:\/\/die-nordleuchten.de\/de_pd\/wp-json\/wp\/v2\/pages\/12\/revisions"}],"predecessor-version":[{"id":101,"href":"https:\/\/die-nordleuchten.de\/de_pd\/wp-json\/wp\/v2\/pages\/12\/revisions\/101"}],"wp:attachment":[{"href":"https:\/\/die-nordleuchten.de\/de_pd\/wp-json\/wp\/v2\/media?parent=12"}],"curies":[{"name":"wp","href":"https:\/\/api.w.org\/{rel}","templated":true}]}}